{"id":57,"date":"2023-05-10T12:01:30","date_gmt":"2023-05-10T12:01:30","guid":{"rendered":"https:\/\/www.judoclub-jonquierois.fr\/?page_id=57"},"modified":"2023-06-15T07:05:58","modified_gmt":"2023-06-15T07:05:58","slug":"le-dojo","status":"publish","type":"page","link":"https:\/\/www.judoclub-jonquierois.fr\/?page_id=57","title":{"rendered":"Le dojo"},"content":{"rendered":"\t\t<div data-elementor-type=\"wp-page\" data-elementor-id=\"57\" class=\"elementor elementor-57\">\n\t\t\t\t\t\t<section class=\"elementor-section elementor-top-section elementor-element elementor-element-7f6784ff elementor-section-boxed elementor-section-height-default elementor-section-height-default\" data-id=\"7f6784ff\" data-element_type=\"section\" data-e-type=\"section\" data-settings=\"{&quot;background_background&quot;:&quot;classic&quot;}\">\n\t\t\t\t\t\t\t<div class=\"elementor-background-overlay\"><\/div>\n\t\t\t\t\t\t\t<div class=\"elementor-container elementor-column-gap-no\">\n\t\t\t\t\t<div class=\"elementor-column elementor-col-100 elementor-top-column elementor-element elementor-element-257add1e\" data-id=\"257add1e\" data-element_type=\"column\" data-e-type=\"column\">\n\t\t\t<div class=\"elementor-widget-wrap elementor-element-populated\">\n\t\t\t\t\t\t<div class=\"elementor-element elementor-element-280a82c5 elementor-invisible elementor-widget elementor-widget-heading\" data-id=\"280a82c5\" data-element_type=\"widget\" data-e-type=\"widget\" data-settings=\"{&quot;_animation&quot;:&quot;fadeInRight&quot;}\" data-widget_type=\"heading.default\">\n\t\t\t\t<div class=\"elementor-widget-container\">\n\t\t\t\t\t<h1 class=\"elementor-heading-title elementor-size-default\">Le Dojo<\/h1>\t\t\t\t<\/div>\n\t\t\t\t<\/div>\n\t\t\t\t\t<\/div>\n\t\t<\/div>\n\t\t\t\t\t<\/div>\n\t\t<\/section>\n\t\t\t\t<section class=\"elementor-section elementor-top-section elementor-element elementor-element-277747c8 elementor-section-boxed elementor-section-height-default elementor-section-height-default\" data-id=\"277747c8\" data-element_type=\"section\" data-e-type=\"section\" data-settings=\"{&quot;background_background&quot;:&quot;classic&quot;}\">\n\t\t\t\t\t\t<div class=\"elementor-container elementor-column-gap-default\">\n\t\t\t\t\t<div class=\"elementor-column elementor-col-100 elementor-top-column elementor-element elementor-element-41c08ce1\" data-id=\"41c08ce1\" data-element_type=\"column\" data-e-type=\"column\">\n\t\t\t<div class=\"elementor-widget-wrap elementor-element-populated\">\n\t\t\t\t\t\t<div class=\"elementor-element elementor-element-6e562214 elementor-widget elementor-widget-heading\" data-id=\"6e562214\" data-element_type=\"widget\" data-e-type=\"widget\" data-widget_type=\"heading.default\">\n\t\t\t\t<div class=\"elementor-widget-container\">\n\t\t\t\t\t<h2 class=\"elementor-heading-title elementor-size-default\">Les avantages du Dojo<\/h2>\t\t\t\t<\/div>\n\t\t\t\t<\/div>\n\t\t\t\t<section class=\"elementor-section elementor-inner-section elementor-element elementor-element-5207001b elementor-section-boxed elementor-section-height-default elementor-section-height-default\" data-id=\"5207001b\" data-element_type=\"section\" data-e-type=\"section\">\n\t\t\t\t\t\t<div class=\"elementor-container elementor-column-gap-default\">\n\t\t\t\t\t<div class=\"elementor-column elementor-col-50 elementor-inner-column elementor-element elementor-element-57cd754c\" data-id=\"57cd754c\" data-element_type=\"column\" data-e-type=\"column\">\n\t\t\t<div class=\"elementor-widget-wrap elementor-element-populated\">\n\t\t\t\t\t\t<div class=\"elementor-element elementor-element-c047c41 elementor-widget elementor-widget-heading\" data-id=\"c047c41\" data-element_type=\"widget\" data-e-type=\"widget\" data-widget_type=\"heading.default\">\n\t\t\t\t<div class=\"elementor-widget-container\">\n\t\t\t\t\t<h2 class=\"elementor-heading-title elementor-size-default\">Le nouveau Dojo <\/h2>\t\t\t\t<\/div>\n\t\t\t\t<\/div>\n\t\t\t\t<div class=\"elementor-element elementor-element-4402bcb3 elementor-widget elementor-widget-text-editor\" data-id=\"4402bcb3\" data-element_type=\"widget\" data-e-type=\"widget\" data-widget_type=\"text-editor.default\">\n\t\t\t\t<div class=\"elementor-widget-container\">\n\t\t\t\t\t\t\t\t\t<p>Le nouveau Dojo a \u00e9t\u00e9 inaugur\u00e9 le samedi 4 D\u00e9cembre 2022\u00a0 par les repr\u00e9sentants de l&rsquo;\u00c9tat, de la r\u00e9gion Occitanie, du Conseil d\u00e9partemental, parlementaires !<\/p><p>Un projet remarquable et \u00e0 plusieurs niveaux. D&rsquo;abord parce qu&rsquo;il est le fruit de d&rsquo;une coop\u00e9ration intercommunale dans le cadre du contrat local d&rsquo;am\u00e9nagement. Tout comme le p\u00f4le associatif et culturel Elit Bataille de Bellegarde, inaugur\u00e9 r\u00e9cemment&#8230;<\/p>\t\t\t\t\t\t\t\t<\/div>\n\t\t\t\t<\/div>\n\t\t\t\t<div class=\"elementor-element elementor-element-72eacbbe elementor-widget elementor-widget-heading\" data-id=\"72eacbbe\" data-element_type=\"widget\" data-e-type=\"widget\" data-widget_type=\"heading.default\">\n\t\t\t\t<div class=\"elementor-widget-container\">\n\t\t\t\t\t<h3 class=\"elementor-heading-title elementor-size-default\">Les avantages du Dojo<\/h3>\t\t\t\t<\/div>\n\t\t\t\t<\/div>\n\t\t\t\t<div class=\"elementor-element elementor-element-52ac4f13 elementor-widget elementor-widget-text-editor\" data-id=\"52ac4f13\" data-element_type=\"widget\" data-e-type=\"widget\" data-widget_type=\"text-editor.default\">\n\t\t\t\t<div class=\"elementor-widget-container\">\n\t\t\t\t\t\t\t\t\t<p>La salle multisports de 840 m\u00b2 abrite des tribunes, un dojo de 300m\u00b2, des vestiaires, une buvette, des sanitaires.<\/p><p>De plus le complexe accueil plus de huit associations dont le Judo Club Jonqui\u00e9rois r\u00e9alis\u00e9 par le cabinet d&rsquo;architecture Scop Ecostudio.<\/p>\t\t\t\t\t\t\t\t<\/div>\n\t\t\t\t<\/div>\n\t\t\t\t\t<\/div>\n\t\t<\/div>\n\t\t\t\t<div class=\"elementor-column elementor-col-50 elementor-inner-column elementor-element elementor-element-39be0090\" data-id=\"39be0090\" data-element_type=\"column\" data-e-type=\"column\">\n\t\t\t<div class=\"elementor-widget-wrap elementor-element-populated\">\n\t\t\t\t\t\t<div class=\"elementor-element elementor-element-d0a285e elementor-widget elementor-widget-image\" data-id=\"d0a285e\" data-element_type=\"widget\" data-e-type=\"widget\" data-widget_type=\"image.default\">\n\t\t\t\t<div class=\"elementor-widget-container\">\n\t\t\t\t\t\t\t\t\t\t\t\t\t\t\t<img fetchpriority=\"high\" decoding=\"async\" width=\"945\" height=\"524\" src=\"https:\/\/www.judoclub-jonquierois.fr\/wp-content\/uploads\/2023\/05\/image-judo-club-inauguration.jpg\" class=\"attachment-large size-large wp-image-342\" alt=\"\" srcset=\"https:\/\/www.judoclub-jonquierois.fr\/wp-content\/uploads\/2023\/05\/image-judo-club-inauguration.jpg 945w, https:\/\/www.judoclub-jonquierois.fr\/wp-content\/uploads\/2023\/05\/image-judo-club-inauguration-300x166.jpg 300w, https:\/\/www.judoclub-jonquierois.fr\/wp-content\/uploads\/2023\/05\/image-judo-club-inauguration-768x426.jpg 768w\" sizes=\"100vw\" \/>\t\t\t\t\t\t\t\t\t\t\t\t\t\t\t<\/div>\n\t\t\t\t<\/div>\n\t\t\t\t\t<\/div>\n\t\t<\/div>\n\t\t\t\t\t<\/div>\n\t\t<\/section>\n\t\t\t\t<section class=\"elementor-section elementor-top-section elementor-element elementor-element-70f20428 elementor-section-boxed elementor-section-height-default elementor-section-height-default\" data-id=\"70f20428\" data-element_type=\"section\" data-e-type=\"section\" data-settings=\"{&quot;background_background&quot;:&quot;classic&quot;}\">\n\t\t\t\t\t\t<div class=\"elementor-container elementor-column-gap-default\">\n\t\t\t\t\t<div class=\"elementor-column elementor-col-100 elementor-top-column elementor-element elementor-element-56b2a4ba\" data-id=\"56b2a4ba\" data-element_type=\"column\" data-e-type=\"column\">\n\t\t\t<div class=\"elementor-widget-wrap elementor-element-populated\">\n\t\t\t\t\t\t<section class=\"elementor-section elementor-inner-section elementor-element elementor-element-6ed3d709 elementor-section-boxed elementor-section-height-default elementor-section-height-default\" data-id=\"6ed3d709\" data-element_type=\"section\" data-e-type=\"section\">\n\t\t\t\t\t\t<div class=\"elementor-container elementor-column-gap-default\">\n\t\t\t\t\t<div class=\"elementor-column elementor-col-50 elementor-inner-column elementor-element elementor-element-24fc56d4\" data-id=\"24fc56d4\" data-element_type=\"column\" data-e-type=\"column\">\n\t\t\t<div class=\"elementor-widget-wrap elementor-element-populated\">\n\t\t\t\t\t\t<div class=\"elementor-element elementor-element-71e2fe13 elementor-widget elementor-widget-image\" data-id=\"71e2fe13\" data-element_type=\"widget\" data-e-type=\"widget\" data-widget_type=\"image.default\">\n\t\t\t\t<div class=\"elementor-widget-container\">\n\t\t\t\t\t\t\t\t\t\t\t\t\t\t\t<img decoding=\"async\" width=\"950\" height=\"634\" src=\"https:\/\/www.judoclub-jonquierois.fr\/wp-content\/uploads\/2023\/05\/judo-club-jonquierois-halle-des-sports-1024x683.jpg\" class=\"attachment-large size-large wp-image-215\" alt=\"\" srcset=\"https:\/\/www.judoclub-jonquierois.fr\/wp-content\/uploads\/2023\/05\/judo-club-jonquierois-halle-des-sports-1024x683.jpg 1024w, https:\/\/www.judoclub-jonquierois.fr\/wp-content\/uploads\/2023\/05\/judo-club-jonquierois-halle-des-sports-300x200.jpg 300w, https:\/\/www.judoclub-jonquierois.fr\/wp-content\/uploads\/2023\/05\/judo-club-jonquierois-halle-des-sports-768x512.jpg 768w, https:\/\/www.judoclub-jonquierois.fr\/wp-content\/uploads\/2023\/05\/judo-club-jonquierois-halle-des-sports-1536x1024.jpg 1536w, https:\/\/www.judoclub-jonquierois.fr\/wp-content\/uploads\/2023\/05\/judo-club-jonquierois-halle-des-sports-2000x1333.jpg 2000w, https:\/\/www.judoclub-jonquierois.fr\/wp-content\/uploads\/2023\/05\/judo-club-jonquierois-halle-des-sports.jpg 2048w\" sizes=\"100vw\" \/>\t\t\t\t\t\t\t\t\t\t\t\t\t\t\t<\/div>\n\t\t\t\t<\/div>\n\t\t\t\t\t<\/div>\n\t\t<\/div>\n\t\t\t\t<div class=\"elementor-column elementor-col-50 elementor-inner-column elementor-element elementor-element-35f481ae\" data-id=\"35f481ae\" data-element_type=\"column\" data-e-type=\"column\">\n\t\t\t<div class=\"elementor-widget-wrap elementor-element-populated\">\n\t\t\t\t\t\t<div class=\"elementor-element elementor-element-3deea262 elementor-widget elementor-widget-heading\" data-id=\"3deea262\" data-element_type=\"widget\" data-e-type=\"widget\" data-widget_type=\"heading.default\">\n\t\t\t\t<div class=\"elementor-widget-container\">\n\t\t\t\t\t<h3 class=\"elementor-heading-title elementor-size-default\">Le b\u00e2timent multisports<\/h3>\t\t\t\t<\/div>\n\t\t\t\t<\/div>\n\t\t\t\t<div class=\"elementor-element elementor-element-7fc96f4 elementor-widget elementor-widget-text-editor\" data-id=\"7fc96f4\" data-element_type=\"widget\" data-e-type=\"widget\" data-widget_type=\"text-editor.default\">\n\t\t\t\t<div class=\"elementor-widget-container\">\n\t\t\t\t\t\t\t\t\t<p>Le co\u00fbt total du b\u00e2timent, estim\u00e9 \u00e0 3,6 M\u20ac, a \u00e9t\u00e9 financ\u00e9 pour partie avec les subventions de l\u2019\u00c9tat \u00e0 hauteur de 400\u00a0000\u00a0\u20ac \u00e0 l\u2019aide de la Dotation de Soutien \u00e0 l\u2019Investissement Local (DSIL) qui soutient les communes rurales dans leur d\u00e9veloppement.<\/p>\t\t\t\t\t\t\t\t<\/div>\n\t\t\t\t<\/div>\n\t\t\t\t\t<\/div>\n\t\t<\/div>\n\t\t\t\t\t<\/div>\n\t\t<\/section>\n\t\t\t\t\t<\/div>\n\t\t<\/div>\n\t\t\t\t\t<\/div>\n\t\t<\/section>\n\t\t\t\t\t<\/div>\n\t\t<\/div>\n\t\t\t\t\t<\/div>\n\t\t<\/section>\n\t\t\t\t<\/div>\n\t\t","protected":false},"excerpt":{"rendered":"<p>Le Dojo Les avantages du Dojo Le nouveau Dojo Le nouveau Dojo a \u00e9t\u00e9 inaugur\u00e9 le samedi 4 D\u00e9cembre 2022&nbsp; par les repr\u00e9sentants de l&rsquo;\u00c9tat, de la r\u00e9gion Occitanie, du Conseil d\u00e9partemental, parlementaires ! Un projet remarquable et \u00e0 plusieurs niveaux. D&rsquo;abord parce qu&rsquo;il est le fruit de d&rsquo;une coop\u00e9ration intercommunale dans le cadre du &hellip; <\/p>\n<p class=\"link-more\"><a href=\"https:\/\/www.judoclub-jonquierois.fr\/?page_id=57\" class=\"more-link\">Lire la suite de<span class=\"screen-reader-text\">\u00ab\u00a0Le dojo\u00a0\u00bb<\/span><\/a><\/p>\n","protected":false},"author":1,"featured_media":343,"parent":0,"menu_order":0,"comment_status":"closed","ping_status":"closed","template":"page-templates\/full-width-no-title.php","meta":{"footnotes":""},"class_list":["post-57","page","type-page","status-publish","has-post-thumbnail","hentry"],"yoast_head":"<!-- This site is optimized with the Yoast SEO plugin v27.5 - https:\/\/yoast.com\/product\/yoast-seo-wordpress\/ -->\n<title>Le dojo - Judo Club Jonquierois<\/title>\n<meta name=\"description\" content=\"Bienvenue sur le site internet officiel du judo club jonquierois, vous y retrouverez toutes les actualit\u00e9s du club et bien plus !\" \/>\n<meta name=\"robots\" content=\"index, follow, max-snippet:-1, max-image-preview:large, max-video-preview:-1\" \/>\n<link rel=\"canonical\" href=\"https:\/\/www.judoclub-jonquierois.fr\/?page_id=57\" \/>\n<meta property=\"og:locale\" content=\"fr_FR\" \/>\n<meta property=\"og:type\" content=\"article\" \/>\n<meta property=\"og:title\" content=\"Le dojo - Judo Club Jonquierois\" \/>\n<meta property=\"og:description\" content=\"Bienvenue sur le site internet officiel du judo club jonquierois, vous y retrouverez toutes les actualit\u00e9s du club et bien plus !\" \/>\n<meta property=\"og:url\" content=\"https:\/\/www.judoclub-jonquierois.fr\/?page_id=57\" \/>\n<meta property=\"og:site_name\" content=\"Judo Club Jonquierois\" \/>\n<meta property=\"article:modified_time\" content=\"2023-06-15T07:05:58+00:00\" \/>\n<meta property=\"og:image\" content=\"https:\/\/www.judoclub-jonquierois.fr\/wp-content\/uploads\/2023\/05\/image-judo-club-enfants.jpg\" \/>\n\t<meta property=\"og:image:width\" content=\"946\" \/>\n\t<meta property=\"og:image:height\" content=\"525\" \/>\n\t<meta property=\"og:image:type\" content=\"image\/jpeg\" \/>\n<meta name=\"twitter:card\" content=\"summary_large_image\" \/>\n<script type=\"application\/ld+json\" class=\"yoast-schema-graph\">{\"@context\":\"https:\\\/\\\/schema.org\",\"@graph\":[{\"@type\":\"WebPage\",\"@id\":\"https:\\\/\\\/www.judoclub-jonquierois.fr\\\/?page_id=57\",\"url\":\"https:\\\/\\\/www.judoclub-jonquierois.fr\\\/?page_id=57\",\"name\":\"Le dojo - Judo Club Jonquierois\",\"isPartOf\":{\"@id\":\"https:\\\/\\\/www.judoclub-jonquierois.fr\\\/#website\"},\"primaryImageOfPage\":{\"@id\":\"https:\\\/\\\/www.judoclub-jonquierois.fr\\\/?page_id=57#primaryimage\"},\"image\":{\"@id\":\"https:\\\/\\\/www.judoclub-jonquierois.fr\\\/?page_id=57#primaryimage\"},\"thumbnailUrl\":\"https:\\\/\\\/www.judoclub-jonquierois.fr\\\/wp-content\\\/uploads\\\/2023\\\/05\\\/image-judo-club-enfants.jpg\",\"datePublished\":\"2023-05-10T12:01:30+00:00\",\"dateModified\":\"2023-06-15T07:05:58+00:00\",\"description\":\"Bienvenue sur le site internet officiel du judo club jonquierois, vous y retrouverez toutes les actualit\u00e9s du club et bien plus !\",\"breadcrumb\":{\"@id\":\"https:\\\/\\\/www.judoclub-jonquierois.fr\\\/?page_id=57#breadcrumb\"},\"inLanguage\":\"fr-FR\",\"potentialAction\":[{\"@type\":\"ReadAction\",\"target\":[\"https:\\\/\\\/www.judoclub-jonquierois.fr\\\/?page_id=57\"]}]},{\"@type\":\"ImageObject\",\"inLanguage\":\"fr-FR\",\"@id\":\"https:\\\/\\\/www.judoclub-jonquierois.fr\\\/?page_id=57#primaryimage\",\"url\":\"https:\\\/\\\/www.judoclub-jonquierois.fr\\\/wp-content\\\/uploads\\\/2023\\\/05\\\/image-judo-club-enfants.jpg\",\"contentUrl\":\"https:\\\/\\\/www.judoclub-jonquierois.fr\\\/wp-content\\\/uploads\\\/2023\\\/05\\\/image-judo-club-enfants.jpg\",\"width\":946,\"height\":525},{\"@type\":\"BreadcrumbList\",\"@id\":\"https:\\\/\\\/www.judoclub-jonquierois.fr\\\/?page_id=57#breadcrumb\",\"itemListElement\":[{\"@type\":\"ListItem\",\"position\":1,\"name\":\"Accueil\",\"item\":\"https:\\\/\\\/www.judoclub-jonquierois.fr\\\/\"},{\"@type\":\"ListItem\",\"position\":2,\"name\":\"Le dojo\"}]},{\"@type\":\"WebSite\",\"@id\":\"https:\\\/\\\/www.judoclub-jonquierois.fr\\\/#website\",\"url\":\"https:\\\/\\\/www.judoclub-jonquierois.fr\\\/\",\"name\":\"Judo Club Jonquierois\",\"description\":\"Judo Club Jonquierois\",\"publisher\":{\"@id\":\"https:\\\/\\\/www.judoclub-jonquierois.fr\\\/#organization\"},\"potentialAction\":[{\"@type\":\"SearchAction\",\"target\":{\"@type\":\"EntryPoint\",\"urlTemplate\":\"https:\\\/\\\/www.judoclub-jonquierois.fr\\\/?s={search_term_string}\"},\"query-input\":{\"@type\":\"PropertyValueSpecification\",\"valueRequired\":true,\"valueName\":\"search_term_string\"}}],\"inLanguage\":\"fr-FR\"},{\"@type\":\"Organization\",\"@id\":\"https:\\\/\\\/www.judoclub-jonquierois.fr\\\/#organization\",\"name\":\"Judo Club Jonquierois\",\"url\":\"https:\\\/\\\/www.judoclub-jonquierois.fr\\\/\",\"logo\":{\"@type\":\"ImageObject\",\"inLanguage\":\"fr-FR\",\"@id\":\"https:\\\/\\\/www.judoclub-jonquierois.fr\\\/#\\\/schema\\\/logo\\\/image\\\/\",\"url\":\"https:\\\/\\\/www.judoclub-jonquierois.fr\\\/wp-content\\\/uploads\\\/2023\\\/05\\\/cropped-logo_judo_jonquieroisV2-removebg-preview-1.png\",\"contentUrl\":\"https:\\\/\\\/www.judoclub-jonquierois.fr\\\/wp-content\\\/uploads\\\/2023\\\/05\\\/cropped-logo_judo_jonquieroisV2-removebg-preview-1.png\",\"width\":449,\"height\":447,\"caption\":\"Judo Club Jonquierois\"},\"image\":{\"@id\":\"https:\\\/\\\/www.judoclub-jonquierois.fr\\\/#\\\/schema\\\/logo\\\/image\\\/\"}}]}<\/script>\n<!-- \/ Yoast SEO plugin. -->","yoast_head_json":{"title":"Le dojo - Judo Club Jonquierois","description":"Bienvenue sur le site internet officiel du judo club jonquierois, vous y retrouverez toutes les actualit\u00e9s du club et bien plus !","robots":{"index":"index","follow":"follow","max-snippet":"max-snippet:-1","max-image-preview":"max-image-preview:large","max-video-preview":"max-video-preview:-1"},"canonical":"https:\/\/www.judoclub-jonquierois.fr\/?page_id=57","og_locale":"fr_FR","og_type":"article","og_title":"Le dojo - Judo Club Jonquierois","og_description":"Bienvenue sur le site internet officiel du judo club jonquierois, vous y retrouverez toutes les actualit\u00e9s du club et bien plus !","og_url":"https:\/\/www.judoclub-jonquierois.fr\/?page_id=57","og_site_name":"Judo Club Jonquierois","article_modified_time":"2023-06-15T07:05:58+00:00","og_image":[{"width":946,"height":525,"url":"https:\/\/www.judoclub-jonquierois.fr\/wp-content\/uploads\/2023\/05\/image-judo-club-enfants.jpg","type":"image\/jpeg"}],"twitter_card":"summary_large_image","schema":{"@context":"https:\/\/schema.org","@graph":[{"@type":"WebPage","@id":"https:\/\/www.judoclub-jonquierois.fr\/?page_id=57","url":"https:\/\/www.judoclub-jonquierois.fr\/?page_id=57","name":"Le dojo - Judo Club Jonquierois","isPartOf":{"@id":"https:\/\/www.judoclub-jonquierois.fr\/#website"},"primaryImageOfPage":{"@id":"https:\/\/www.judoclub-jonquierois.fr\/?page_id=57#primaryimage"},"image":{"@id":"https:\/\/www.judoclub-jonquierois.fr\/?page_id=57#primaryimage"},"thumbnailUrl":"https:\/\/www.judoclub-jonquierois.fr\/wp-content\/uploads\/2023\/05\/image-judo-club-enfants.jpg","datePublished":"2023-05-10T12:01:30+00:00","dateModified":"2023-06-15T07:05:58+00:00","description":"Bienvenue sur le site internet officiel du judo club jonquierois, vous y retrouverez toutes les actualit\u00e9s du club et bien plus !","breadcrumb":{"@id":"https:\/\/www.judoclub-jonquierois.fr\/?page_id=57#breadcrumb"},"inLanguage":"fr-FR","potentialAction":[{"@type":"ReadAction","target":["https:\/\/www.judoclub-jonquierois.fr\/?page_id=57"]}]},{"@type":"ImageObject","inLanguage":"fr-FR","@id":"https:\/\/www.judoclub-jonquierois.fr\/?page_id=57#primaryimage","url":"https:\/\/www.judoclub-jonquierois.fr\/wp-content\/uploads\/2023\/05\/image-judo-club-enfants.jpg","contentUrl":"https:\/\/www.judoclub-jonquierois.fr\/wp-content\/uploads\/2023\/05\/image-judo-club-enfants.jpg","width":946,"height":525},{"@type":"BreadcrumbList","@id":"https:\/\/www.judoclub-jonquierois.fr\/?page_id=57#breadcrumb","itemListElement":[{"@type":"ListItem","position":1,"name":"Accueil","item":"https:\/\/www.judoclub-jonquierois.fr\/"},{"@type":"ListItem","position":2,"name":"Le dojo"}]},{"@type":"WebSite","@id":"https:\/\/www.judoclub-jonquierois.fr\/#website","url":"https:\/\/www.judoclub-jonquierois.fr\/","name":"Judo Club Jonquierois","description":"Judo Club Jonquierois","publisher":{"@id":"https:\/\/www.judoclub-jonquierois.fr\/#organization"},"potentialAction":[{"@type":"SearchAction","target":{"@type":"EntryPoint","urlTemplate":"https:\/\/www.judoclub-jonquierois.fr\/?s={search_term_string}"},"query-input":{"@type":"PropertyValueSpecification","valueRequired":true,"valueName":"search_term_string"}}],"inLanguage":"fr-FR"},{"@type":"Organization","@id":"https:\/\/www.judoclub-jonquierois.fr\/#organization","name":"Judo Club Jonquierois","url":"https:\/\/www.judoclub-jonquierois.fr\/","logo":{"@type":"ImageObject","inLanguage":"fr-FR","@id":"https:\/\/www.judoclub-jonquierois.fr\/#\/schema\/logo\/image\/","url":"https:\/\/www.judoclub-jonquierois.fr\/wp-content\/uploads\/2023\/05\/cropped-logo_judo_jonquieroisV2-removebg-preview-1.png","contentUrl":"https:\/\/www.judoclub-jonquierois.fr\/wp-content\/uploads\/2023\/05\/cropped-logo_judo_jonquieroisV2-removebg-preview-1.png","width":449,"height":447,"caption":"Judo Club Jonquierois"},"image":{"@id":"https:\/\/www.judoclub-jonquierois.fr\/#\/schema\/logo\/image\/"}}]}},"_links":{"self":[{"href":"https:\/\/www.judoclub-jonquierois.fr\/index.php?rest_route=\/wp\/v2\/pages\/57","targetHints":{"allow":["GET"]}}],"collection":[{"href":"https:\/\/www.judoclub-jonquierois.fr\/index.php?rest_route=\/wp\/v2\/pages"}],"about":[{"href":"https:\/\/www.judoclub-jonquierois.fr\/index.php?rest_route=\/wp\/v2\/types\/page"}],"author":[{"embeddable":true,"href":"https:\/\/www.judoclub-jonquierois.fr\/index.php?rest_route=\/wp\/v2\/users\/1"}],"replies":[{"embeddable":true,"href":"https:\/\/www.judoclub-jonquierois.fr\/index.php?rest_route=%2Fwp%2Fv2%2Fcomments&post=57"}],"version-history":[{"count":30,"href":"https:\/\/www.judoclub-jonquierois.fr\/index.php?rest_route=\/wp\/v2\/pages\/57\/revisions"}],"predecessor-version":[{"id":385,"href":"https:\/\/www.judoclub-jonquierois.fr\/index.php?rest_route=\/wp\/v2\/pages\/57\/revisions\/385"}],"wp:featuredmedia":[{"embeddable":true,"href":"https:\/\/www.judoclub-jonquierois.fr\/index.php?rest_route=\/wp\/v2\/media\/343"}],"wp:attachment":[{"href":"https:\/\/www.judoclub-jonquierois.fr\/index.php?rest_route=%2Fwp%2Fv2%2Fmedia&parent=57"}],"curies":[{"name":"wp","href":"https:\/\/api.w.org\/{rel}","templated":true}]}}