{"id":61,"date":"2023-05-10T12:02:02","date_gmt":"2023-05-10T12:02:02","guid":{"rendered":"https:\/\/www.judoclub-jonquierois.fr\/?page_id=61"},"modified":"2023-06-05T08:52:47","modified_gmt":"2023-06-05T08:52:47","slug":"contact","status":"publish","type":"page","link":"https:\/\/www.judoclub-jonquierois.fr\/?page_id=61","title":{"rendered":"Contact"},"content":{"rendered":"\t\t<div data-elementor-type=\"wp-page\" data-elementor-id=\"61\" class=\"elementor elementor-61\">\n\t\t\t\t\t\t<section class=\"elementor-section elementor-top-section elementor-element elementor-element-59e89e64 elementor-section-boxed elementor-section-height-default elementor-section-height-default\" data-id=\"59e89e64\" data-element_type=\"section\" data-e-type=\"section\" data-settings=\"{&quot;background_background&quot;:&quot;classic&quot;}\">\n\t\t\t\t\t\t\t<div class=\"elementor-background-overlay\"><\/div>\n\t\t\t\t\t\t\t<div class=\"elementor-container elementor-column-gap-default\">\n\t\t\t\t\t<div class=\"elementor-column elementor-col-100 elementor-top-column elementor-element elementor-element-14949a9a\" data-id=\"14949a9a\" data-element_type=\"column\" data-e-type=\"column\">\n\t\t\t<div class=\"elementor-widget-wrap elementor-element-populated\">\n\t\t\t\t\t\t<div class=\"elementor-element elementor-element-e5e4750 elementor-invisible elementor-widget elementor-widget-heading\" data-id=\"e5e4750\" data-element_type=\"widget\" data-e-type=\"widget\" data-settings=\"{&quot;_animation&quot;:&quot;fadeInRight&quot;}\" data-widget_type=\"heading.default\">\n\t\t\t\t<div class=\"elementor-widget-container\">\n\t\t\t\t\t<h1 class=\"elementor-heading-title elementor-size-default\">Nous contacter<\/h1>\t\t\t\t<\/div>\n\t\t\t\t<\/div>\n\t\t\t\t\t<\/div>\n\t\t<\/div>\n\t\t\t\t\t<\/div>\n\t\t<\/section>\n\t\t\t\t<section class=\"elementor-section elementor-inner-section elementor-element elementor-element-6700f834 elementor-section-boxed elementor-section-height-default elementor-section-height-default\" data-id=\"6700f834\" data-element_type=\"section\" data-e-type=\"section\" data-settings=\"{&quot;background_background&quot;:&quot;classic&quot;}\">\n\t\t\t\t\t\t<div class=\"elementor-container elementor-column-gap-default\">\n\t\t\t\t\t<div class=\"elementor-column elementor-col-50 elementor-inner-column elementor-element elementor-element-1148e884\" data-id=\"1148e884\" data-element_type=\"column\" data-e-type=\"column\">\n\t\t\t<div class=\"elementor-widget-wrap elementor-element-populated\">\n\t\t\t\t\t\t<div class=\"elementor-element elementor-element-321aa707 elementor-widget elementor-widget-heading\" data-id=\"321aa707\" data-element_type=\"widget\" data-e-type=\"widget\" data-widget_type=\"heading.default\">\n\t\t\t\t<div class=\"elementor-widget-container\">\n\t\t\t\t\t<h2 class=\"elementor-heading-title elementor-size-default\">Contact<\/h2>\t\t\t\t<\/div>\n\t\t\t\t<\/div>\n\t\t\t\t<div class=\"elementor-element elementor-element-3d86b41d elementor-shape-circle e-grid-align-left elementor-grid-0 elementor-widget elementor-widget-social-icons\" data-id=\"3d86b41d\" data-element_type=\"widget\" data-e-type=\"widget\" data-widget_type=\"social-icons.default\">\n\t\t\t\t<div class=\"elementor-widget-container\">\n\t\t\t\t\t\t\t<div class=\"elementor-social-icons-wrapper elementor-grid\" role=\"list\">\n\t\t\t\t\t\t\t<span class=\"elementor-grid-item\" role=\"listitem\">\n\t\t\t\t\t<a class=\"elementor-icon elementor-social-icon elementor-social-icon-facebook elementor-repeater-item-4d562d9\" target=\"_blank\">\n\t\t\t\t\t\t<span class=\"elementor-screen-only\">Facebook<\/span>\n\t\t\t\t\t\t\t\t\t\t\t\t\t<i class=\"fa fa-facebook\" aria-hidden=\"true\"><\/i>\n\t\t\t\t\t\t\t\t\t\t\t<\/a>\n\t\t\t\t<\/span>\n\t\t\t\t\t\t\t<span class=\"elementor-grid-item\" role=\"listitem\">\n\t\t\t\t\t<a class=\"elementor-icon elementor-social-icon elementor-social-icon-twitter elementor-repeater-item-4acb873\" target=\"_blank\">\n\t\t\t\t\t\t<span class=\"elementor-screen-only\">Twitter<\/span>\n\t\t\t\t\t\t\t\t\t\t\t\t\t<i class=\"fa fa-twitter\" aria-hidden=\"true\"><\/i>\n\t\t\t\t\t\t\t\t\t\t\t<\/a>\n\t\t\t\t<\/span>\n\t\t\t\t\t\t\t<span class=\"elementor-grid-item\" role=\"listitem\">\n\t\t\t\t\t<a class=\"elementor-icon elementor-social-icon elementor-social-icon-google-plus elementor-repeater-item-a74bdba\" target=\"_blank\">\n\t\t\t\t\t\t<span class=\"elementor-screen-only\">Google-plus<\/span>\n\t\t\t\t\t\t\t\t\t\t\t\t\t<i class=\"fa fa-google-plus\" aria-hidden=\"true\"><\/i>\n\t\t\t\t\t\t\t\t\t\t\t<\/a>\n\t\t\t\t<\/span>\n\t\t\t\t\t\t\t<span class=\"elementor-grid-item\" role=\"listitem\">\n\t\t\t\t\t<a class=\"elementor-icon elementor-social-icon elementor-social-icon-linkedin elementor-repeater-item-902837a\" target=\"_blank\">\n\t\t\t\t\t\t<span class=\"elementor-screen-only\">Linkedin<\/span>\n\t\t\t\t\t\t\t\t\t\t\t\t\t<i class=\"fa fa-linkedin\" aria-hidden=\"true\"><\/i>\n\t\t\t\t\t\t\t\t\t\t\t<\/a>\n\t\t\t\t<\/span>\n\t\t\t\t\t\t\t<span class=\"elementor-grid-item\" role=\"listitem\">\n\t\t\t\t\t<a class=\"elementor-icon elementor-social-icon elementor-social-icon-instagram elementor-repeater-item-f53af54\" target=\"_blank\">\n\t\t\t\t\t\t<span class=\"elementor-screen-only\">Instagram<\/span>\n\t\t\t\t\t\t\t\t\t\t\t\t\t<i class=\"fa fa-instagram\" aria-hidden=\"true\"><\/i>\n\t\t\t\t\t\t\t\t\t\t\t<\/a>\n\t\t\t\t<\/span>\n\t\t\t\t\t<\/div>\n\t\t\t\t\t\t<\/div>\n\t\t\t\t<\/div>\n\t\t\t\t<div class=\"elementor-element elementor-element-38171acc elementor-widget elementor-widget-text-editor\" data-id=\"38171acc\" data-element_type=\"widget\" data-e-type=\"widget\" data-widget_type=\"text-editor.default\">\n\t\t\t\t<div class=\"elementor-widget-container\">\n\t\t\t\t\t\t\t\t\t<p>Vous souhaitez rencontrer l&rsquo;\u00e9quipe du Club, un membre en particulier, conna\u00eetre plus en d\u00e9tails le d\u00e9roul\u00e9 des cours\u2026 Contactez-nous !<\/p>\t\t\t\t\t\t\t\t<\/div>\n\t\t\t\t<\/div>\n\t\t\t\t<div class=\"elementor-element elementor-element-2b2a7b2f elementor-position-inline-start elementor-view-default elementor-mobile-position-block-start elementor-widget elementor-widget-icon-box\" data-id=\"2b2a7b2f\" data-element_type=\"widget\" data-e-type=\"widget\" data-widget_type=\"icon-box.default\">\n\t\t\t\t<div class=\"elementor-widget-container\">\n\t\t\t\t\t\t\t<div class=\"elementor-icon-box-wrapper\">\n\n\t\t\t\t\t\t<div class=\"elementor-icon-box-icon\">\n\t\t\t\t<span  class=\"elementor-icon elementor-animation-grow\">\n\t\t\t\t<i aria-hidden=\"true\" class=\"far fa-envelope-open\"><\/i>\t\t\t\t<\/span>\n\t\t\t<\/div>\n\t\t\t\n\t\t\t\t\t\t<div class=\"elementor-icon-box-content\">\n\n\t\t\t\t\t\t\t\t\t<h3 class=\"elementor-icon-box-title\">\n\t\t\t\t\t\t<span  >\n\t\t\t\t\t\t\tAdresse mail\t\t\t\t\t\t<\/span>\n\t\t\t\t\t<\/h3>\n\t\t\t\t\n\t\t\t\t\t\t\t\t\t<p class=\"elementor-icon-box-description\">\n\t\t\t\t\t\tjcjonquierois@gmail.com\t\t\t\t\t<\/p>\n\t\t\t\t\n\t\t\t<\/div>\n\t\t\t\n\t\t<\/div>\n\t\t\t\t\t\t<\/div>\n\t\t\t\t<\/div>\n\t\t\t\t<div class=\"elementor-element elementor-element-f3c42a9 elementor-position-inline-start elementor-view-default elementor-mobile-position-block-start elementor-widget elementor-widget-icon-box\" data-id=\"f3c42a9\" data-element_type=\"widget\" data-e-type=\"widget\" data-widget_type=\"icon-box.default\">\n\t\t\t\t<div class=\"elementor-widget-container\">\n\t\t\t\t\t\t\t<div class=\"elementor-icon-box-wrapper\">\n\n\t\t\t\t\t\t<div class=\"elementor-icon-box-icon\">\n\t\t\t\t<span  class=\"elementor-icon elementor-animation-grow\">\n\t\t\t\t<i aria-hidden=\"true\" class=\"fas fa-phone\"><\/i>\t\t\t\t<\/span>\n\t\t\t<\/div>\n\t\t\t\n\t\t\t\t\t\t<div class=\"elementor-icon-box-content\">\n\n\t\t\t\t\t\t\t\t\t<h3 class=\"elementor-icon-box-title\">\n\t\t\t\t\t\t<span  >\n\t\t\t\t\t\t\tT\u00e9l\u00e9phone\t\t\t\t\t\t<\/span>\n\t\t\t\t\t<\/h3>\n\t\t\t\t\n\t\t\t\t\t\t\t\t\t<p class=\"elementor-icon-box-description\">\n\t\t\t\t\t\t06 64 59 57 49\t\t\t\t\t<\/p>\n\t\t\t\t\n\t\t\t<\/div>\n\t\t\t\n\t\t<\/div>\n\t\t\t\t\t\t<\/div>\n\t\t\t\t<\/div>\n\t\t\t\t<div class=\"elementor-element elementor-element-f173cc9 elementor-position-inline-start elementor-view-default elementor-mobile-position-block-start elementor-widget elementor-widget-icon-box\" data-id=\"f173cc9\" data-element_type=\"widget\" data-e-type=\"widget\" data-widget_type=\"icon-box.default\">\n\t\t\t\t<div class=\"elementor-widget-container\">\n\t\t\t\t\t\t\t<div class=\"elementor-icon-box-wrapper\">\n\n\t\t\t\t\t\t<div class=\"elementor-icon-box-icon\">\n\t\t\t\t<span  class=\"elementor-icon elementor-animation-grow\">\n\t\t\t\t<i aria-hidden=\"true\" class=\"fas fa-map-marker-alt\"><\/i>\t\t\t\t<\/span>\n\t\t\t<\/div>\n\t\t\t\n\t\t\t\t\t\t<div class=\"elementor-icon-box-content\">\n\n\t\t\t\t\t\t\t\t\t<h3 class=\"elementor-icon-box-title\">\n\t\t\t\t\t\t<span  >\n\t\t\t\t\t\t\tAddresse\t\t\t\t\t\t<\/span>\n\t\t\t\t\t<\/h3>\n\t\t\t\t\n\t\t\t\t\t\t\t\t\t<p class=\"elementor-icon-box-description\">\n\t\t\t\t\t\tDOJO HALLE DES SPORTS\nHALLE DES SPORTS, DOJO 30300 JONQUIERES ST VINCENT\t\t\t\t\t<\/p>\n\t\t\t\t\n\t\t\t<\/div>\n\t\t\t\n\t\t<\/div>\n\t\t\t\t\t\t<\/div>\n\t\t\t\t<\/div>\n\t\t\t\t<div class=\"elementor-element elementor-element-d8b1840 elementor-position-inline-start elementor-view-default elementor-mobile-position-block-start elementor-widget elementor-widget-icon-box\" data-id=\"d8b1840\" data-element_type=\"widget\" data-e-type=\"widget\" data-widget_type=\"icon-box.default\">\n\t\t\t\t<div class=\"elementor-widget-container\">\n\t\t\t\t\t\t\t<div class=\"elementor-icon-box-wrapper\">\n\n\t\t\t\t\t\t<div class=\"elementor-icon-box-icon\">\n\t\t\t\t<a href=\"https:\/\/www.facebook.com\/judoclub.jonquieres\/photos\" class=\"elementor-icon elementor-animation-grow\" tabindex=\"-1\" aria-label=\"Page Facebook\">\n\t\t\t\t<i aria-hidden=\"true\" class=\"fab fa-facebook\"><\/i>\t\t\t\t<\/a>\n\t\t\t<\/div>\n\t\t\t\n\t\t\t\t\t\t<div class=\"elementor-icon-box-content\">\n\n\t\t\t\t\t\t\t\t\t<h3 class=\"elementor-icon-box-title\">\n\t\t\t\t\t\t<a href=\"https:\/\/www.facebook.com\/judoclub.jonquieres\/photos\" >\n\t\t\t\t\t\t\tPage Facebook\t\t\t\t\t\t<\/a>\n\t\t\t\t\t<\/h3>\n\t\t\t\t\n\t\t\t\t\n\t\t\t<\/div>\n\t\t\t\n\t\t<\/div>\n\t\t\t\t\t\t<\/div>\n\t\t\t\t<\/div>\n\t\t\t\t\t<\/div>\n\t\t<\/div>\n\t\t\t\t<div class=\"elementor-column elementor-col-50 elementor-inner-column elementor-element elementor-element-699bbbef\" data-id=\"699bbbef\" data-element_type=\"column\" data-e-type=\"column\">\n\t\t\t<div class=\"elementor-widget-wrap elementor-element-populated\">\n\t\t\t\t\t\t<div class=\"elementor-element elementor-element-84b6884 elementor-widget elementor-widget-google_maps\" data-id=\"84b6884\" data-element_type=\"widget\" data-e-type=\"widget\" data-widget_type=\"google_maps.default\">\n\t\t\t\t<div class=\"elementor-widget-container\">\n\t\t\t\t\t\t\t<div class=\"elementor-custom-embed\">\n\t\t\t<iframe loading=\"lazy\"\n\t\t\t\t\tsrc=\"https:\/\/maps.google.com\/maps?q=Jonqui%C3%A8res-Saint-Vincent&#038;t=m&#038;z=10&#038;output=embed&#038;iwloc=near\"\n\t\t\t\t\ttitle=\"Jonqui\u00e8res-Saint-Vincent\"\n\t\t\t\t\taria-label=\"Jonqui\u00e8res-Saint-Vincent\"\n\t\t\t><\/iframe>\n\t\t<\/div>\n\t\t\t\t\t\t<\/div>\n\t\t\t\t<\/div>\n\t\t\t\t\t<\/div>\n\t\t<\/div>\n\t\t\t\t\t<\/div>\n\t\t<\/section>\n\t\t\t\t<\/div>\n\t\t","protected":false},"excerpt":{"rendered":"<p>Nous contacter Contact Facebook Twitter Google-plus Linkedin Instagram Vous souhaitez rencontrer l&rsquo;\u00e9quipe du Club, un membre en particulier, conna\u00eetre plus en d\u00e9tails le d\u00e9roul\u00e9 des cours\u2026 Contactez-nous ! Adresse mail jcjonquierois@gmail.com T\u00e9l\u00e9phone 06 64 59 57 49 Addresse DOJO HALLE DES SPORTS HALLE DES SPORTS, DOJO 30300 JONQUIERES ST VINCENT Page Facebook<\/p>\n","protected":false},"author":1,"featured_media":192,"parent":0,"menu_order":0,"comment_status":"closed","ping_status":"closed","template":"page-templates\/full-width-no-title.php","meta":{"footnotes":""},"class_list":["post-61","page","type-page","status-publish","has-post-thumbnail","hentry"],"yoast_head":"<!-- This site is optimized with the Yoast SEO plugin v27.5 - https:\/\/yoast.com\/product\/yoast-seo-wordpress\/ -->\n<title>Contact - Judo Club Jonquierois<\/title>\n<meta name=\"description\" content=\"Vous souhaitez rencontrer l\u2019\u00e9quipe du Club, un membre en particulier, conna\u00eetre plus en d\u00e9tails le d\u00e9roul\u00e9 des cours\u2026 Contactez-nous !\" \/>\n<meta name=\"robots\" content=\"index, follow, max-snippet:-1, max-image-preview:large, max-video-preview:-1\" \/>\n<link rel=\"canonical\" href=\"https:\/\/www.judoclub-jonquierois.fr\/?page_id=61\" \/>\n<meta property=\"og:locale\" content=\"fr_FR\" \/>\n<meta property=\"og:type\" content=\"article\" \/>\n<meta property=\"og:title\" content=\"Contact - Judo Club Jonquierois\" \/>\n<meta property=\"og:description\" content=\"Vous souhaitez rencontrer l\u2019\u00e9quipe du Club, un membre en particulier, conna\u00eetre plus en d\u00e9tails le d\u00e9roul\u00e9 des cours\u2026 Contactez-nous !\" \/>\n<meta property=\"og:url\" content=\"https:\/\/www.judoclub-jonquierois.fr\/?page_id=61\" \/>\n<meta property=\"og:site_name\" content=\"Judo Club Jonquierois\" \/>\n<meta property=\"article:modified_time\" content=\"2023-06-05T08:52:47+00:00\" \/>\n<meta property=\"og:image\" content=\"https:\/\/www.judoclub-jonquierois.fr\/wp-content\/uploads\/2023\/05\/club_judo-jonquierois.jpg\" \/>\n\t<meta property=\"og:image:width\" content=\"2016\" \/>\n\t<meta property=\"og:image:height\" content=\"1512\" \/>\n\t<meta property=\"og:image:type\" content=\"image\/jpeg\" \/>\n<meta name=\"twitter:card\" content=\"summary_large_image\" \/>\n<meta name=\"twitter:label1\" content=\"Dur\u00e9e de lecture estim\u00e9e\" \/>\n\t<meta name=\"twitter:data1\" content=\"1 minute\" \/>\n<script type=\"application\/ld+json\" class=\"yoast-schema-graph\">{\"@context\":\"https:\\\/\\\/schema.org\",\"@graph\":[{\"@type\":\"WebPage\",\"@id\":\"https:\\\/\\\/www.judoclub-jonquierois.fr\\\/?page_id=61\",\"url\":\"https:\\\/\\\/www.judoclub-jonquierois.fr\\\/?page_id=61\",\"name\":\"Contact - Judo Club Jonquierois\",\"isPartOf\":{\"@id\":\"https:\\\/\\\/www.judoclub-jonquierois.fr\\\/#website\"},\"primaryImageOfPage\":{\"@id\":\"https:\\\/\\\/www.judoclub-jonquierois.fr\\\/?page_id=61#primaryimage\"},\"image\":{\"@id\":\"https:\\\/\\\/www.judoclub-jonquierois.fr\\\/?page_id=61#primaryimage\"},\"thumbnailUrl\":\"https:\\\/\\\/www.judoclub-jonquierois.fr\\\/wp-content\\\/uploads\\\/2023\\\/05\\\/club_judo-jonquierois.jpg\",\"datePublished\":\"2023-05-10T12:02:02+00:00\",\"dateModified\":\"2023-06-05T08:52:47+00:00\",\"description\":\"Vous souhaitez rencontrer l\u2019\u00e9quipe du Club, un membre en particulier, conna\u00eetre plus en d\u00e9tails le d\u00e9roul\u00e9 des cours\u2026 Contactez-nous !\",\"breadcrumb\":{\"@id\":\"https:\\\/\\\/www.judoclub-jonquierois.fr\\\/?page_id=61#breadcrumb\"},\"inLanguage\":\"fr-FR\",\"potentialAction\":[{\"@type\":\"ReadAction\",\"target\":[\"https:\\\/\\\/www.judoclub-jonquierois.fr\\\/?page_id=61\"]}]},{\"@type\":\"ImageObject\",\"inLanguage\":\"fr-FR\",\"@id\":\"https:\\\/\\\/www.judoclub-jonquierois.fr\\\/?page_id=61#primaryimage\",\"url\":\"https:\\\/\\\/www.judoclub-jonquierois.fr\\\/wp-content\\\/uploads\\\/2023\\\/05\\\/club_judo-jonquierois.jpg\",\"contentUrl\":\"https:\\\/\\\/www.judoclub-jonquierois.fr\\\/wp-content\\\/uploads\\\/2023\\\/05\\\/club_judo-jonquierois.jpg\",\"width\":2016,\"height\":1512},{\"@type\":\"BreadcrumbList\",\"@id\":\"https:\\\/\\\/www.judoclub-jonquierois.fr\\\/?page_id=61#breadcrumb\",\"itemListElement\":[{\"@type\":\"ListItem\",\"position\":1,\"name\":\"Accueil\",\"item\":\"https:\\\/\\\/www.judoclub-jonquierois.fr\\\/\"},{\"@type\":\"ListItem\",\"position\":2,\"name\":\"Contact\"}]},{\"@type\":\"WebSite\",\"@id\":\"https:\\\/\\\/www.judoclub-jonquierois.fr\\\/#website\",\"url\":\"https:\\\/\\\/www.judoclub-jonquierois.fr\\\/\",\"name\":\"Judo Club Jonquierois\",\"description\":\"Judo Club Jonquierois\",\"publisher\":{\"@id\":\"https:\\\/\\\/www.judoclub-jonquierois.fr\\\/#organization\"},\"potentialAction\":[{\"@type\":\"SearchAction\",\"target\":{\"@type\":\"EntryPoint\",\"urlTemplate\":\"https:\\\/\\\/www.judoclub-jonquierois.fr\\\/?s={search_term_string}\"},\"query-input\":{\"@type\":\"PropertyValueSpecification\",\"valueRequired\":true,\"valueName\":\"search_term_string\"}}],\"inLanguage\":\"fr-FR\"},{\"@type\":\"Organization\",\"@id\":\"https:\\\/\\\/www.judoclub-jonquierois.fr\\\/#organization\",\"name\":\"Judo Club Jonquierois\",\"url\":\"https:\\\/\\\/www.judoclub-jonquierois.fr\\\/\",\"logo\":{\"@type\":\"ImageObject\",\"inLanguage\":\"fr-FR\",\"@id\":\"https:\\\/\\\/www.judoclub-jonquierois.fr\\\/#\\\/schema\\\/logo\\\/image\\\/\",\"url\":\"https:\\\/\\\/www.judoclub-jonquierois.fr\\\/wp-content\\\/uploads\\\/2023\\\/05\\\/cropped-logo_judo_jonquieroisV2-removebg-preview-1.png\",\"contentUrl\":\"https:\\\/\\\/www.judoclub-jonquierois.fr\\\/wp-content\\\/uploads\\\/2023\\\/05\\\/cropped-logo_judo_jonquieroisV2-removebg-preview-1.png\",\"width\":449,\"height\":447,\"caption\":\"Judo Club Jonquierois\"},\"image\":{\"@id\":\"https:\\\/\\\/www.judoclub-jonquierois.fr\\\/#\\\/schema\\\/logo\\\/image\\\/\"}}]}<\/script>\n<!-- \/ Yoast SEO plugin. -->","yoast_head_json":{"title":"Contact - Judo Club Jonquierois","description":"Vous souhaitez rencontrer l\u2019\u00e9quipe du Club, un membre en particulier, conna\u00eetre plus en d\u00e9tails le d\u00e9roul\u00e9 des cours\u2026 Contactez-nous !","robots":{"index":"index","follow":"follow","max-snippet":"max-snippet:-1","max-image-preview":"max-image-preview:large","max-video-preview":"max-video-preview:-1"},"canonical":"https:\/\/www.judoclub-jonquierois.fr\/?page_id=61","og_locale":"fr_FR","og_type":"article","og_title":"Contact - Judo Club Jonquierois","og_description":"Vous souhaitez rencontrer l\u2019\u00e9quipe du Club, un membre en particulier, conna\u00eetre plus en d\u00e9tails le d\u00e9roul\u00e9 des cours\u2026 Contactez-nous !","og_url":"https:\/\/www.judoclub-jonquierois.fr\/?page_id=61","og_site_name":"Judo Club Jonquierois","article_modified_time":"2023-06-05T08:52:47+00:00","og_image":[{"width":2016,"height":1512,"url":"https:\/\/www.judoclub-jonquierois.fr\/wp-content\/uploads\/2023\/05\/club_judo-jonquierois.jpg","type":"image\/jpeg"}],"twitter_card":"summary_large_image","twitter_misc":{"Dur\u00e9e de lecture estim\u00e9e":"1 minute"},"schema":{"@context":"https:\/\/schema.org","@graph":[{"@type":"WebPage","@id":"https:\/\/www.judoclub-jonquierois.fr\/?page_id=61","url":"https:\/\/www.judoclub-jonquierois.fr\/?page_id=61","name":"Contact - Judo Club Jonquierois","isPartOf":{"@id":"https:\/\/www.judoclub-jonquierois.fr\/#website"},"primaryImageOfPage":{"@id":"https:\/\/www.judoclub-jonquierois.fr\/?page_id=61#primaryimage"},"image":{"@id":"https:\/\/www.judoclub-jonquierois.fr\/?page_id=61#primaryimage"},"thumbnailUrl":"https:\/\/www.judoclub-jonquierois.fr\/wp-content\/uploads\/2023\/05\/club_judo-jonquierois.jpg","datePublished":"2023-05-10T12:02:02+00:00","dateModified":"2023-06-05T08:52:47+00:00","description":"Vous souhaitez rencontrer l\u2019\u00e9quipe du Club, un membre en particulier, conna\u00eetre plus en d\u00e9tails le d\u00e9roul\u00e9 des cours\u2026 Contactez-nous !","breadcrumb":{"@id":"https:\/\/www.judoclub-jonquierois.fr\/?page_id=61#breadcrumb"},"inLanguage":"fr-FR","potentialAction":[{"@type":"ReadAction","target":["https:\/\/www.judoclub-jonquierois.fr\/?page_id=61"]}]},{"@type":"ImageObject","inLanguage":"fr-FR","@id":"https:\/\/www.judoclub-jonquierois.fr\/?page_id=61#primaryimage","url":"https:\/\/www.judoclub-jonquierois.fr\/wp-content\/uploads\/2023\/05\/club_judo-jonquierois.jpg","contentUrl":"https:\/\/www.judoclub-jonquierois.fr\/wp-content\/uploads\/2023\/05\/club_judo-jonquierois.jpg","width":2016,"height":1512},{"@type":"BreadcrumbList","@id":"https:\/\/www.judoclub-jonquierois.fr\/?page_id=61#breadcrumb","itemListElement":[{"@type":"ListItem","position":1,"name":"Accueil","item":"https:\/\/www.judoclub-jonquierois.fr\/"},{"@type":"ListItem","position":2,"name":"Contact"}]},{"@type":"WebSite","@id":"https:\/\/www.judoclub-jonquierois.fr\/#website","url":"https:\/\/www.judoclub-jonquierois.fr\/","name":"Judo Club Jonquierois","description":"Judo Club Jonquierois","publisher":{"@id":"https:\/\/www.judoclub-jonquierois.fr\/#organization"},"potentialAction":[{"@type":"SearchAction","target":{"@type":"EntryPoint","urlTemplate":"https:\/\/www.judoclub-jonquierois.fr\/?s={search_term_string}"},"query-input":{"@type":"PropertyValueSpecification","valueRequired":true,"valueName":"search_term_string"}}],"inLanguage":"fr-FR"},{"@type":"Organization","@id":"https:\/\/www.judoclub-jonquierois.fr\/#organization","name":"Judo Club Jonquierois","url":"https:\/\/www.judoclub-jonquierois.fr\/","logo":{"@type":"ImageObject","inLanguage":"fr-FR","@id":"https:\/\/www.judoclub-jonquierois.fr\/#\/schema\/logo\/image\/","url":"https:\/\/www.judoclub-jonquierois.fr\/wp-content\/uploads\/2023\/05\/cropped-logo_judo_jonquieroisV2-removebg-preview-1.png","contentUrl":"https:\/\/www.judoclub-jonquierois.fr\/wp-content\/uploads\/2023\/05\/cropped-logo_judo_jonquieroisV2-removebg-preview-1.png","width":449,"height":447,"caption":"Judo Club Jonquierois"},"image":{"@id":"https:\/\/www.judoclub-jonquierois.fr\/#\/schema\/logo\/image\/"}}]}},"_links":{"self":[{"href":"https:\/\/www.judoclub-jonquierois.fr\/index.php?rest_route=\/wp\/v2\/pages\/61","targetHints":{"allow":["GET"]}}],"collection":[{"href":"https:\/\/www.judoclub-jonquierois.fr\/index.php?rest_route=\/wp\/v2\/pages"}],"about":[{"href":"https:\/\/www.judoclub-jonquierois.fr\/index.php?rest_route=\/wp\/v2\/types\/page"}],"author":[{"embeddable":true,"href":"https:\/\/www.judoclub-jonquierois.fr\/index.php?rest_route=\/wp\/v2\/users\/1"}],"replies":[{"embeddable":true,"href":"https:\/\/www.judoclub-jonquierois.fr\/index.php?rest_route=%2Fwp%2Fv2%2Fcomments&post=61"}],"version-history":[{"count":51,"href":"https:\/\/www.judoclub-jonquierois.fr\/index.php?rest_route=\/wp\/v2\/pages\/61\/revisions"}],"predecessor-version":[{"id":207,"href":"https:\/\/www.judoclub-jonquierois.fr\/index.php?rest_route=\/wp\/v2\/pages\/61\/revisions\/207"}],"wp:featuredmedia":[{"embeddable":true,"href":"https:\/\/www.judoclub-jonquierois.fr\/index.php?rest_route=\/wp\/v2\/media\/192"}],"wp:attachment":[{"href":"https:\/\/www.judoclub-jonquierois.fr\/index.php?rest_route=%2Fwp%2Fv2%2Fmedia&parent=61"}],"curies":[{"name":"wp","href":"https:\/\/api.w.org\/{rel}","templated":true}]}}